{"id":552,"date":"2024-03-15T12:29:04","date_gmt":"2024-03-15T11:29:04","guid":{"rendered":"https:\/\/junghocoaching.com\/?page_id=552"},"modified":"2024-03-15T12:47:46","modified_gmt":"2024-03-15T11:47:46","slug":"mentions-legales","status":"publish","type":"page","link":"https:\/\/junghocoaching.com\/index.php\/mentions-legales\/","title":{"rendered":"Mentions l\u00e9gales"},"content":{"rendered":"\t\t<div data-elementor-type=\"wp-page\" data-elementor-id=\"552\" class=\"elementor elementor-552\" data-elementor-post-type=\"page\">\n\t\t\t\t\t\t<section class=\"elementor-section elementor-top-section elementor-element elementor-element-4eb6968 elementor-section-boxed elementor-section-height-default elementor-section-height-default\" data-id=\"4eb6968\" data-element_type=\"section\" data-settings=\"{&quot;background_background&quot;:&quot;classic&quot;}\">\n\t\t\t\t\t\t<div class=\"elementor-container elementor-column-gap-default\">\n\t\t\t\t\t<div class=\"elementor-column elementor-col-100 elementor-top-column elementor-element elementor-element-2d4f350\" data-id=\"2d4f350\" data-element_type=\"column\">\n\t\t\t<div class=\"elementor-widget-wrap\">\n\t\t\t\t\t\t\t<\/div>\n\t\t<\/div>\n\t\t\t\t\t<\/div>\n\t\t<\/section>\n\t\t\t\t<section class=\"elementor-section elementor-top-section elementor-element elementor-element-cb9f235 elementor-section-boxed elementor-section-height-default elementor-section-height-default\" data-id=\"cb9f235\" data-element_type=\"section\">\n\t\t\t\t\t\t<div class=\"elementor-container elementor-column-gap-default\">\n\t\t\t\t\t<div class=\"elementor-column elementor-col-100 elementor-top-column elementor-element elementor-element-0e23eaf\" data-id=\"0e23eaf\" data-element_type=\"column\">\n\t\t\t<div class=\"elementor-widget-wrap elementor-element-populated\">\n\t\t\t\t\t\t<div class=\"elementor-element elementor-element-c23ed4e elementor-widget elementor-widget-heading\" data-id=\"c23ed4e\" data-element_type=\"widget\" data-widget_type=\"heading.default\">\n\t\t\t\t<div class=\"elementor-widget-container\">\n\t\t\t<style>\/*! elementor - v3.20.0 - 13-03-2024 *\/\n.elementor-heading-title{padding:0;margin:0;line-height:1}.elementor-widget-heading .elementor-heading-title[class*=elementor-size-]>a{color:inherit;font-size:inherit;line-height:inherit}.elementor-widget-heading .elementor-heading-title.elementor-size-small{font-size:15px}.elementor-widget-heading .elementor-heading-title.elementor-size-medium{font-size:19px}.elementor-widget-heading .elementor-heading-title.elementor-size-large{font-size:29px}.elementor-widget-heading .elementor-heading-title.elementor-size-xl{font-size:39px}.elementor-widget-heading .elementor-heading-title.elementor-size-xxl{font-size:59px}<\/style><h2 class=\"elementor-heading-title elementor-size-default\">Mentions l\u00e9gales<\/h2>\t\t<\/div>\n\t\t\t\t<\/div>\n\t\t\t\t<div class=\"elementor-element elementor-element-6a73e4e elementor-widget elementor-widget-spacer\" data-id=\"6a73e4e\" data-element_type=\"widget\" data-widget_type=\"spacer.default\">\n\t\t\t\t<div class=\"elementor-widget-container\">\n\t\t\t<style>\/*! elementor - v3.20.0 - 13-03-2024 *\/\n.elementor-column .elementor-spacer-inner{height:var(--spacer-size)}.e-con{--container-widget-width:100%}.e-con-inner>.elementor-widget-spacer,.e-con>.elementor-widget-spacer{width:var(--container-widget-width,var(--spacer-size));--align-self:var(--container-widget-align-self,initial);--flex-shrink:0}.e-con-inner>.elementor-widget-spacer>.elementor-widget-container,.e-con>.elementor-widget-spacer>.elementor-widget-container{height:100%;width:100%}.e-con-inner>.elementor-widget-spacer>.elementor-widget-container>.elementor-spacer,.e-con>.elementor-widget-spacer>.elementor-widget-container>.elementor-spacer{height:100%}.e-con-inner>.elementor-widget-spacer>.elementor-widget-container>.elementor-spacer>.elementor-spacer-inner,.e-con>.elementor-widget-spacer>.elementor-widget-container>.elementor-spacer>.elementor-spacer-inner{height:var(--container-widget-height,var(--spacer-size))}.e-con-inner>.elementor-widget-spacer.elementor-widget-empty,.e-con>.elementor-widget-spacer.elementor-widget-empty{position:relative;min-height:22px;min-width:22px}.e-con-inner>.elementor-widget-spacer.elementor-widget-empty .elementor-widget-empty-icon,.e-con>.elementor-widget-spacer.elementor-widget-empty .elementor-widget-empty-icon{position:absolute;top:0;bottom:0;left:0;right:0;margin:auto;padding:0;width:22px;height:22px}<\/style>\t\t<div class=\"elementor-spacer\">\n\t\t\t<div class=\"elementor-spacer-inner\"><\/div>\n\t\t<\/div>\n\t\t\t\t<\/div>\n\t\t\t\t<\/div>\n\t\t\t\t<div class=\"elementor-element elementor-element-00782d9 elementor-widget elementor-widget-text-editor\" data-id=\"00782d9\" data-element_type=\"widget\" data-widget_type=\"text-editor.default\">\n\t\t\t\t<div class=\"elementor-widget-container\">\n\t\t\t<style>\/*! elementor - v3.20.0 - 13-03-2024 *\/\n.elementor-widget-text-editor.elementor-drop-cap-view-stacked .elementor-drop-cap{background-color:#69727d;color:#fff}.elementor-widget-text-editor.elementor-drop-cap-view-framed .elementor-drop-cap{color:#69727d;border:3px solid;background-color:transparent}.elementor-widget-text-editor:not(.elementor-drop-cap-view-default) .elementor-drop-cap{margin-top:8px}.elementor-widget-text-editor:not(.elementor-drop-cap-view-default) .elementor-drop-cap-letter{width:1em;height:1em}.elementor-widget-text-editor .elementor-drop-cap{float:left;text-align:center;line-height:1;font-size:50px}.elementor-widget-text-editor .elementor-drop-cap-letter{display:inline-block}<\/style>\t\t\t\t<p><strong>Propri\u00e9taire du site<\/strong><\/p><p>JUNG HO\u00a0<\/p><p>Si\u00e8ge social :<\/p><p>SIREN :<\/p><p>Directeur\/trice de la publication : JUNG HO<\/p><p>\u00a0<\/p><p><strong>Conception et r\u00e9alisation du site<\/strong><\/p><p>Cr\u00e9dit : NELACITA<\/p><p>Webmaster : MANUELA PARDO<\/p><p>H\u00e9bergeur : Hostinger \u2013 UAB Jonavos g. 60C, 44192 Kaunas, Lithuania<\/p>\t\t\t\t\t\t<\/div>\n\t\t\t\t<\/div>\n\t\t\t\t\t<\/div>\n\t\t<\/div>\n\t\t\t\t\t<\/div>\n\t\t<\/section>\n\t\t\t\t<\/div>\n\t\t","protected":false},"excerpt":{"rendered":"<p>Mentions l\u00e9gales Propri\u00e9taire du site JUNG HO\u00a0 Si\u00e8ge social : SIREN : Directeur\/trice de la publication : JUNG HO \u00a0 Conception et r\u00e9alisation du site Cr\u00e9dit : NELACITA Webmaster : MANUELA PARDO H\u00e9bergeur : Hostinger \u2013 UAB Jonavos g. 60C, 44192 Kaunas, Lithuania<\/p>\n","protected":false},"author":1,"featured_media":0,"parent":0,"menu_order":0,"comment_status":"closed","ping_status":"closed","template":"elementor_header_footer","meta":{"footnotes":""},"yoast_head":"<!-- This site is optimized with the Yoast SEO plugin v22.2 - https:\/\/yoast.com\/wordpress\/plugins\/seo\/ -->\n<title>Mentions l\u00e9gales - Jung Ho Coaching<\/title>\n<meta name=\"robots\" content=\"index, follow, max-snippet:-1, max-image-preview:large, max-video-preview:-1\" \/>\n<link rel=\"canonical\" href=\"https:\/\/junghocoaching.com\/index.php\/mentions-legales\/\" \/>\n<meta property=\"og:locale\" content=\"en_US\" \/>\n<meta property=\"og:type\" content=\"article\" \/>\n<meta property=\"og:title\" content=\"Mentions l\u00e9gales - Jung Ho Coaching\" \/>\n<meta property=\"og:description\" content=\"Mentions l\u00e9gales Propri\u00e9taire du site JUNG HO\u00a0 Si\u00e8ge social : SIREN : Directeur\/trice de la publication : JUNG HO \u00a0 Conception et r\u00e9alisation du site Cr\u00e9dit : NELACITA Webmaster : MANUELA PARDO H\u00e9bergeur : Hostinger \u2013 UAB Jonavos g. 60C, 44192 Kaunas, Lithuania\" \/>\n<meta property=\"og:url\" content=\"https:\/\/junghocoaching.com\/index.php\/mentions-legales\/\" \/>\n<meta property=\"og:site_name\" content=\"Jung Ho Coaching\" \/>\n<meta property=\"article:modified_time\" content=\"2024-03-15T11:47:46+00:00\" \/>\n<meta name=\"twitter:card\" content=\"summary_large_image\" \/>\n<meta name=\"twitter:label1\" content=\"Est. reading time\" \/>\n\t<meta name=\"twitter:data1\" content=\"1 minute\" \/>\n<script type=\"application\/ld+json\" class=\"yoast-schema-graph\">{\"@context\":\"https:\/\/schema.org\",\"@graph\":[{\"@type\":\"WebPage\",\"@id\":\"https:\/\/junghocoaching.com\/index.php\/mentions-legales\/\",\"url\":\"https:\/\/junghocoaching.com\/index.php\/mentions-legales\/\",\"name\":\"Mentions l\u00e9gales - Jung Ho Coaching\",\"isPartOf\":{\"@id\":\"https:\/\/junghocoaching.com\/#website\"},\"datePublished\":\"2024-03-15T11:29:04+00:00\",\"dateModified\":\"2024-03-15T11:47:46+00:00\",\"breadcrumb\":{\"@id\":\"https:\/\/junghocoaching.com\/index.php\/mentions-legales\/#breadcrumb\"},\"inLanguage\":\"en-US\",\"potentialAction\":[{\"@type\":\"ReadAction\",\"target\":[\"https:\/\/junghocoaching.com\/index.php\/mentions-legales\/\"]}]},{\"@type\":\"BreadcrumbList\",\"@id\":\"https:\/\/junghocoaching.com\/index.php\/mentions-legales\/#breadcrumb\",\"itemListElement\":[{\"@type\":\"ListItem\",\"position\":1,\"name\":\"Accueil\",\"item\":\"https:\/\/junghocoaching.com\/\"},{\"@type\":\"ListItem\",\"position\":2,\"name\":\"Mentions l\u00e9gales\"}]},{\"@type\":\"WebSite\",\"@id\":\"https:\/\/junghocoaching.com\/#website\",\"url\":\"https:\/\/junghocoaching.com\/\",\"name\":\"Jung Ho Coaching - Coach Sportif\",\"description\":\"Coach Dipl\u00f4m\u00e9 \u00e0 Paris\",\"publisher\":{\"@id\":\"https:\/\/junghocoaching.com\/#organization\"},\"potentialAction\":[{\"@type\":\"SearchAction\",\"target\":{\"@type\":\"EntryPoint\",\"urlTemplate\":\"https:\/\/junghocoaching.com\/?s={search_term_string}\"},\"query-input\":\"required name=search_term_string\"}],\"inLanguage\":\"en-US\"},{\"@type\":\"Organization\",\"@id\":\"https:\/\/junghocoaching.com\/#organization\",\"name\":\"Jung Ho Coaching - Coach Sportif\",\"url\":\"https:\/\/junghocoaching.com\/\",\"logo\":{\"@type\":\"ImageObject\",\"inLanguage\":\"en-US\",\"@id\":\"https:\/\/junghocoaching.com\/#\/schema\/logo\/image\/\",\"url\":\"https:\/\/junghocoaching.com\/wp-content\/uploads\/2024\/02\/Plan-de-travail-4.png\",\"contentUrl\":\"https:\/\/junghocoaching.com\/wp-content\/uploads\/2024\/02\/Plan-de-travail-4.png\",\"width\":191,\"height\":210,\"caption\":\"Jung Ho Coaching - Coach Sportif\"},\"image\":{\"@id\":\"https:\/\/junghocoaching.com\/#\/schema\/logo\/image\/\"}}]}<\/script>\n<!-- \/ Yoast SEO plugin. -->","yoast_head_json":{"title":"Mentions l\u00e9gales - Jung Ho Coaching","robots":{"index":"index","follow":"follow","max-snippet":"max-snippet:-1","max-image-preview":"max-image-preview:large","max-video-preview":"max-video-preview:-1"},"canonical":"https:\/\/junghocoaching.com\/index.php\/mentions-legales\/","og_locale":"en_US","og_type":"article","og_title":"Mentions l\u00e9gales - Jung Ho Coaching","og_description":"Mentions l\u00e9gales Propri\u00e9taire du site JUNG HO\u00a0 Si\u00e8ge social : SIREN : Directeur\/trice de la publication : JUNG HO \u00a0 Conception et r\u00e9alisation du site Cr\u00e9dit : NELACITA Webmaster : MANUELA PARDO H\u00e9bergeur : Hostinger \u2013 UAB Jonavos g. 60C, 44192 Kaunas, Lithuania","og_url":"https:\/\/junghocoaching.com\/index.php\/mentions-legales\/","og_site_name":"Jung Ho Coaching","article_modified_time":"2024-03-15T11:47:46+00:00","twitter_card":"summary_large_image","twitter_misc":{"Est. reading time":"1 minute"},"schema":{"@context":"https:\/\/schema.org","@graph":[{"@type":"WebPage","@id":"https:\/\/junghocoaching.com\/index.php\/mentions-legales\/","url":"https:\/\/junghocoaching.com\/index.php\/mentions-legales\/","name":"Mentions l\u00e9gales - Jung Ho Coaching","isPartOf":{"@id":"https:\/\/junghocoaching.com\/#website"},"datePublished":"2024-03-15T11:29:04+00:00","dateModified":"2024-03-15T11:47:46+00:00","breadcrumb":{"@id":"https:\/\/junghocoaching.com\/index.php\/mentions-legales\/#breadcrumb"},"inLanguage":"en-US","potentialAction":[{"@type":"ReadAction","target":["https:\/\/junghocoaching.com\/index.php\/mentions-legales\/"]}]},{"@type":"BreadcrumbList","@id":"https:\/\/junghocoaching.com\/index.php\/mentions-legales\/#breadcrumb","itemListElement":[{"@type":"ListItem","position":1,"name":"Accueil","item":"https:\/\/junghocoaching.com\/"},{"@type":"ListItem","position":2,"name":"Mentions l\u00e9gales"}]},{"@type":"WebSite","@id":"https:\/\/junghocoaching.com\/#website","url":"https:\/\/junghocoaching.com\/","name":"Jung Ho Coaching - Coach Sportif","description":"Coach Dipl\u00f4m\u00e9 \u00e0 Paris","publisher":{"@id":"https:\/\/junghocoaching.com\/#organization"},"potentialAction":[{"@type":"SearchAction","target":{"@type":"EntryPoint","urlTemplate":"https:\/\/junghocoaching.com\/?s={search_term_string}"},"query-input":"required name=search_term_string"}],"inLanguage":"en-US"},{"@type":"Organization","@id":"https:\/\/junghocoaching.com\/#organization","name":"Jung Ho Coaching - Coach Sportif","url":"https:\/\/junghocoaching.com\/","logo":{"@type":"ImageObject","inLanguage":"en-US","@id":"https:\/\/junghocoaching.com\/#\/schema\/logo\/image\/","url":"https:\/\/junghocoaching.com\/wp-content\/uploads\/2024\/02\/Plan-de-travail-4.png","contentUrl":"https:\/\/junghocoaching.com\/wp-content\/uploads\/2024\/02\/Plan-de-travail-4.png","width":191,"height":210,"caption":"Jung Ho Coaching - Coach Sportif"},"image":{"@id":"https:\/\/junghocoaching.com\/#\/schema\/logo\/image\/"}}]}},"_links":{"self":[{"href":"https:\/\/junghocoaching.com\/index.php\/wp-json\/wp\/v2\/pages\/552"}],"collection":[{"href":"https:\/\/junghocoaching.com\/index.php\/wp-json\/wp\/v2\/pages"}],"about":[{"href":"https:\/\/junghocoaching.com\/index.php\/wp-json\/wp\/v2\/types\/page"}],"author":[{"embeddable":true,"href":"https:\/\/junghocoaching.com\/index.php\/wp-json\/wp\/v2\/users\/1"}],"replies":[{"embeddable":true,"href":"https:\/\/junghocoaching.com\/index.php\/wp-json\/wp\/v2\/comments?post=552"}],"version-history":[{"count":19,"href":"https:\/\/junghocoaching.com\/index.php\/wp-json\/wp\/v2\/pages\/552\/revisions"}],"predecessor-version":[{"id":577,"href":"https:\/\/junghocoaching.com\/index.php\/wp-json\/wp\/v2\/pages\/552\/revisions\/577"}],"wp:attachment":[{"href":"https:\/\/junghocoaching.com\/index.php\/wp-json\/wp\/v2\/media?parent=552"}],"curies":[{"name":"wp","href":"https:\/\/api.w.org\/{rel}","templated":true}]}}